{"id":121,"date":"2020-10-19T10:07:55","date_gmt":"2020-10-19T10:07:55","guid":{"rendered":"https:\/\/fokesz.hu\/wordpress\/contact\/"},"modified":"2023-10-22T16:05:40","modified_gmt":"2023-10-22T16:05:40","slug":"contact","status":"publish","type":"page","link":"http:\/\/fokesz.hu\/wordpress\/contact\/","title":{"rendered":"Contact"},"content":{"rendered":"\t\t<div data-elementor-type=\"wp-page\" data-elementor-id=\"121\" class=\"elementor elementor-121\">\n\t\t\t\t\t\t<div class=\"elementor-inner\">\n\t\t\t\t<div class=\"elementor-section-wrap\">\n\t\t\t\t\t\t\t\t\t<section class=\"elementor-section elementor-top-section elementor-element elementor-element-14c2ef1 elementor-section-full_width elementor-section-height-min-height elementor-section-height-default elementor-section-items-middle\" data-id=\"14c2ef1\" data-element_type=\"section\" data-settings=\"{&quot;background_background&quot;:&quot;classic&quot;}\">\n\t\t\t\t\t\t<div class=\"elementor-container elementor-column-gap-no\">\n\t\t\t\t\t\t\t<div class=\"elementor-row\">\n\t\t\t\t\t<div class=\"aux-parallax-section elementor-column elementor-col-100 elementor-top-column elementor-element elementor-element-e053a72\" data-id=\"e053a72\" data-element_type=\"column\">\n\t\t\t<div class=\"elementor-column-wrap elementor-element-populated\">\n\t\t\t\t\t\t\t<div class=\"elementor-widget-wrap\">\n\t\t\t\t\t\t<div class=\"elementor-element elementor-element-3f64b5b elementor-widget__width-auto elementor-hidden-phone aux-appear-watch-animation aux-rotate-in-down-right elementor-widget elementor-widget-aux_simple_svg\" data-id=\"3f64b5b\" data-element_type=\"widget\" data-widget_type=\"aux_simple_svg.default\">\n\t\t\t\t<div class=\"elementor-widget-container\">\n\t\t\t    <div class=\"aux-widget-container aux-simple-svg-container\">\n        <div class=\"aux-widget-container-inner\">\n            <div class=\"aux-the-svg\"><svg xmlns=\"http:\/\/www.w3.org\/2000\/svg\" width=\"179.866\" height=\"199.51\" viewBox=\"0 0 179.866 199.51\">\r\n  <g id=\"g412\" transform=\"matrix(0.788, -0.616, 0.616, 0.788, 1.456, 48.319)\">\r\n    <path id=\"path414\" d=\"M36.007,27.4A21.07,21.07,0,0,0,49.84,22.635,21.153,21.153,0,0,0,52.851-7.129C2.744-68.51,32.549-129.233,33.84-131.788a21.1,21.1,0,0,0-9-28.485,21.213,21.213,0,0,0-28.572,9.027c-1.84,3.53-44.326,87.409,23.8,170.871A21.117,21.117,0,0,0,36.007,27.4Z\" transform=\"translate(18.496 162.663)\" fill=\"none\" stroke=\"var(--e-global-color-aaf39c1)\" stroke-width=\"2\" \/>\r\n  <\/g>\r\n<\/svg>\r\n<\/div>\n        <\/div>\n    <\/div>\n    \t\t<\/div>\n\t\t\t\t<\/div>\n\t\t\t\t<div class=\"elementor-element elementor-element-cec9177 aux-appear-watch-animation aux-fade-in-up-1 elementor-widget elementor-widget-aux_modern_heading\" data-id=\"cec9177\" data-element_type=\"widget\" data-widget_type=\"aux_modern_heading.default\">\n\t\t\t\t<div class=\"elementor-widget-container\">\n\t\t\t<section class=\"aux-widget-modern-heading\">\n            <div class=\"aux-widget-inner\"><h2 class=\"aux-modern-heading-primary\">Kapcsolat<\/h2><\/div>\n        <\/section>\t\t<\/div>\n\t\t\t\t<\/div>\n\t\t\t\t<div class=\"elementor-element elementor-element-f523084 elementor-widget__width-auto aux-appear-watch-animation aux-fade-in-left-2 elementor-hidden-mobile elementor-widget elementor-widget-aux_simple_svg\" data-id=\"f523084\" data-element_type=\"widget\" data-widget_type=\"aux_simple_svg.default\">\n\t\t\t\t<div class=\"elementor-widget-container\">\n\t\t\t    <div class=\"aux-widget-container aux-simple-svg-container\">\n        <div class=\"aux-widget-container-inner\">\n            <div class=\"aux-the-svg\"><svg id=\"g244\" xmlns=\"http:\/\/www.w3.org\/2000\/svg\" width=\"416.313\" height=\"458.318\" viewBox=\"0 0 416.313 458.318\">\r\n  <defs>\r\n    <linearGradient id=\"linear-gradient\" x1=\"0.765\" y1=\"0.393\" x2=\"0.644\" y2=\"0.973\" gradientUnits=\"objectBoundingBox\">\r\n      <stop offset=\"0\" stop-color=\"var(--e-global-color-accent)\" \/>\r\n      <stop offset=\"1\" stop-color=\"var(--e-global-color-9aea99b)\" \/>\r\n    <\/linearGradient>\r\n  <\/defs>\r\n  <path id=\"path246\" d=\"M137.214,184.7a75.838,75.838,0,0,1-71.189-49.737C3.058-36.769-162.326-130.493-163.988-131.42A75.71,75.71,0,0,1-193.881-234.3,75.916,75.916,0,0,1-90.838-264.241c8.791,4.824,216.262,120.734,299.225,347A75.865,75.865,0,0,1,137.214,184.7Z\" transform=\"translate(203.27 273.617)\" fill=\"url(#linear-gradient)\" \/>\r\n<\/svg>\r\n<\/div>\n        <\/div>\n    <\/div>\n    \t\t<\/div>\n\t\t\t\t<\/div>\n\t\t\t\t<div class=\"aux-scroll-anim elementor-element elementor-element-64dfe0d elementor-widget__width-auto aux-appear-watch-animation aux-fade-in-right-1 elementor-widget elementor-widget-aux_simple_svg\" data-move-in=\"moveHorizontal\" data-move-out=\"moveHorizontal\" data-axis-x=\"30\" data-axis-y=\"200\" data-rotate=\"90\" data-scale=\"1\" data-vp-top=\"0.5\" data-vp-bot=\"0.5\" data-el-top=\"0.2\" data-scroll-animation-off=\"1024\" data-id=\"64dfe0d\" data-element_type=\"widget\" data-widget_type=\"aux_simple_svg.default\">\n\t\t\t\t<div class=\"elementor-widget-container\">\n\t\t\t    <div class=\"aux-widget-container aux-simple-svg-container\">\n        <div class=\"aux-widget-container-inner\">\n            <div class=\"aux-the-svg\"><svg xmlns=\"http:\/\/www.w3.org\/2000\/svg\" width=\"128.821\" height=\"108.789\" viewBox=\"0 0 128.821 108.789\">\r\n  <defs>\r\n    <linearGradient id=\"linear-gradient\" x1=\"0.5\" x2=\"0.5\" y2=\"1\" gradientUnits=\"objectBoundingBox\">\r\n      <stop offset=\"0\" stop-color=\"var(--e-global-color-accent)\" \/>\r\n      <stop offset=\"1\" stop-color=\"var(--e-global-color-9aea99b)\" \/>\r\n    <\/linearGradient>\r\n  <\/defs>\r\n  <g id=\"g240\" transform=\"matrix(0.407, 0.914, -0.914, 0.407, 100.26, 0)\">\r\n    <path id=\"path242\" d=\"M22.544,43.138A26.147,26.147,0,0,0,50.249,7.27,306.571,306.571,0,0,1,33.72-45.655a26.138,26.138,0,0,0-31-20.134,26.139,26.139,0,0,0-20.13,31A358.859,358.859,0,0,0,1.917,27.2,26.129,26.129,0,0,0,22.544,43.138\" transform=\"translate(17.991 66.367)\" fill=\"url(#linear-gradient)\" \/>\r\n  <\/g>\r\n<\/svg>\r\n<\/div>\n        <\/div>\n    <\/div>\n    \t\t<\/div>\n\t\t\t\t<\/div>\n\t\t\t\t\t\t<\/div>\n\t\t\t\t\t<\/div>\n\t\t<\/div>\n\t\t\t\t\t\t\t\t<\/div>\n\t\t\t\t\t<\/div>\n\t\t<\/section>\n\t\t\t\t<section class=\"elementor-section elementor-top-section elementor-element elementor-element-9b6f5fb elementor-section-full_width elementor-section-height-default elementor-section-height-default\" data-id=\"9b6f5fb\" data-element_type=\"section\">\n\t\t\t\t\t\t<div class=\"elementor-container elementor-column-gap-no\">\n\t\t\t\t\t\t\t<div class=\"elementor-row\">\n\t\t\t\t\t<div class=\"aux-parallax-section elementor-column elementor-col-100 elementor-top-column elementor-element elementor-element-3c97742\" data-id=\"3c97742\" data-element_type=\"column\">\n\t\t\t<div class=\"elementor-column-wrap elementor-element-populated\">\n\t\t\t\t\t\t\t<div class=\"elementor-widget-wrap\">\n\t\t\t\t\t\t<section class=\"elementor-section elementor-inner-section elementor-element elementor-element-a2429f0 elementor-section-content-middle elementor-section-boxed elementor-section-height-default elementor-section-height-default\" data-id=\"a2429f0\" data-element_type=\"section\">\n\t\t\t\t\t\t<div class=\"elementor-container elementor-column-gap-no\">\n\t\t\t\t\t\t\t<div class=\"elementor-row\">\n\t\t\t\t\t<div class=\"aux-parallax-section elementor-column elementor-col-100 elementor-inner-column elementor-element elementor-element-3f23496\" data-id=\"3f23496\" data-element_type=\"column\">\n\t\t\t<div class=\"elementor-column-wrap elementor-element-populated\">\n\t\t\t\t\t\t\t<div class=\"elementor-widget-wrap\">\n\t\t\t\t\t\t<div class=\"elementor-element elementor-element-abbffaa elementor-widget__width-auto aux-appear-watch-animation aux-fade-in-right-1 elementor-widget elementor-widget-aux_text\" data-id=\"abbffaa\" data-element_type=\"widget\" data-widget_type=\"aux_text.default\">\n\t\t\t\t<div class=\"elementor-widget-container\">\n\t\t\t<section class=\"widget-container aux-widget-text aux-parent-aud17f77e2\">        <div class=\"aux-widget-advanced-text aux-wrap-style-simple aux-ico-pos-left aux-text-left aux-text-resp- aux-text-color-dark aux-text-widget-bg-center  \" >\n        \n                            <div class=\"aux-text-widget-header \"  >\n                        <div class=\"aux-ico-box aux-ico-large aux-ico-clear \">\n                                                                <svg xmlns=\"http:\/\/www.w3.org\/2000\/svg\" width=\"52.581\" height=\"52.581\" viewBox=\"0 0 52.581 52.581\">\r\n  <defs>\r\n    <linearGradient id=\"linear-gradient\" x1=\"0.5\" x2=\"0.5\" y2=\"1\" gradientUnits=\"objectBoundingBox\">\r\n      <stop offset=\"0\" stop-color=\"var(--e-global-color-accent)\" \/>\r\n      <stop offset=\"1\" stop-color=\"var(--e-global-color-9aea99b)\" \/>\r\n    <\/linearGradient>\r\n  <\/defs>\r\n  <path id=\"Significon-Phone\" d=\"M15.738,30.866a1.646,1.646,0,1,1,2.329,0,1.646,1.646,0,0,1-2.329,0ZM50.656,14.572,46,19.227a6.681,6.681,0,0,1-.884.723c-.125.086-.254.169-.383.245a5.859,5.859,0,0,1-.526.276,6.84,6.84,0,0,1-1.314.479,6.556,6.556,0,0,1-6.2-1.723,4.981,4.981,0,0,0-.624-.352,6.578,6.578,0,0,0-8.1.934l-6.4,6.4,0,0v0a1.645,1.645,0,1,1-2.326-2.328l6.4-6.4A9.87,9.87,0,0,1,39.1,17.026h0a3.332,3.332,0,0,0,4.575-.127l4.656-4.655a3.293,3.293,0,0,0,0-4.657L46,5.26a.991.991,0,0,0-.306-.207C40.464.844,28.42,5.381,16.9,16.9,5.425,28.377.882,40.374,5.011,45.636A1.228,1.228,0,0,0,5.263,46l.2.2,0,0,2.124,2.123a3.289,3.289,0,0,0,4.654,0L16.9,43.671A3.289,3.289,0,0,0,17,39.13l.027-.035c-.039-.033-.087-.044-.124-.081a1.646,1.646,0,1,1,2.329-2.327,6.557,6.557,0,0,1,1.722,6.2,6.735,6.735,0,0,1-.481,1.319c-.083.173-.171.347-.27.515-.079.135-.162.269-.253.4a6.539,6.539,0,0,1-.718.877l-4.657,4.655a6.586,6.586,0,0,1-9.311,0l-2.91-2.91c-5.785-5.784-.58-20.37,12.222-33.171S41.96-3.435,47.746,2.35l2.91,2.91a6.586,6.586,0,0,1,0,9.312Z\" transform=\"translate(-0.003)\" fill-rule=\"evenodd\" fill=\"url(#linear-gradient)\" \/>\r\n<\/svg>\r\n                                                    <\/div>\n                <\/div>\n            \n            <div class=\"aux-text-inner aux-text-widget-content\">\n                                <div class=\"widget-content\">\n                                        <p>+36-30-336-5575<\/p>                <\/div>\n                            <\/div>\n        <\/div>\n                    <div class=\"aux-text-widget-footer\">\n                <div class=\"aux-border-shape-none \">\n                                <\/div>\n            <\/div>\n        \n<\/section><!-- widget-container -->\t\t<\/div>\n\t\t\t\t<\/div>\n\t\t\t\t<div class=\"elementor-element elementor-element-2188b5f elementor-widget__width-auto aux-appear-watch-animation aux-fade-in-right-1 elementor-widget elementor-widget-aux_text\" data-id=\"2188b5f\" data-element_type=\"widget\" data-widget_type=\"aux_text.default\">\n\t\t\t\t<div class=\"elementor-widget-container\">\n\t\t\t<section class=\"widget-container aux-widget-text aux-parent-aub770c883\">        <div class=\"aux-widget-advanced-text aux-wrap-style-simple aux-ico-pos-left aux-text-left aux-text-resp- aux-text-color-dark aux-text-widget-bg-center  \" >\n        \n                            <div class=\"aux-text-widget-header \"  >\n                        <div class=\"aux-ico-box aux-ico-large aux-ico-clear \">\n                                                                <svg xmlns=\"http:\/\/www.w3.org\/2000\/svg\" width=\"39.447\" height=\"52.626\" viewBox=\"0 0 39.447 52.626\">\r\n  <defs>\r\n    <linearGradient id=\"linear-gradient\" x1=\"0.5\" x2=\"0.5\" y2=\"1\" gradientUnits=\"objectBoundingBox\">\r\n      <stop offset=\"0\" stop-color=\"var(--e-global-color-accent)\" \/>\r\n      <stop offset=\"1\" stop-color=\"var(--e-global-color-9aea99b)\" \/>\r\n    <\/linearGradient>\r\n  <\/defs>\r\n  <path id=\"Significon-Place\" d=\"M83.789,23.041a1.644,1.644,0,1,1,0,3.288,6.577,6.577,0,1,1,6.576-6.577,1.644,1.644,0,0,1-3.288,0,3.288,3.288,0,1,0-3.288,3.288Zm16.09,8.089q-5.4,8.538-10.695,17.13-5.384,8.734-10.763,0Q73.262,39.887,68,31.57a19.7,19.7,0,0,1-3.936-11.784c0-.013,0-.021,0-.034a1.644,1.644,0,0,1,3.288,0h.021a16.455,16.455,0,0,0,1.391,6.638c.038.087.078.171.118.259a16.445,16.445,0,0,0,1.512,2.6q4.415,7,8.753,14.049c1.548,2.518,3.1,6.045,4.644,6.043s3.1-3.526,4.643-6.043q4.329-7.039,8.741-14.03a16.425,16.425,0,0,0,1.553-2.681c.025-.057.053-.112.078-.167a16.434,16.434,0,0,0-26.64-18.3l-.006-.006A1.644,1.644,0,0,1,69.832,5.8l-.012-.013A19.729,19.729,0,0,1,99.879,31.13ZM66.525,15.643A1.645,1.645,0,1,1,68.17,14a1.644,1.644,0,0,1-1.645,1.646Z\" transform=\"translate(-64.06 -0.001)\" fill-rule=\"evenodd\" fill=\"url(#linear-gradient)\" \/>\r\n<\/svg>\r\n                                                    <\/div>\n                <\/div>\n            \n            <div class=\"aux-text-inner aux-text-widget-content\">\n                                <div class=\"widget-content\">\n                                        <p style=\"font-weight: 400;\">1083 Budapest, Szigony utca 41.<\/p>                <\/div>\n                            <\/div>\n        <\/div>\n                    <div class=\"aux-text-widget-footer\">\n                <div class=\"aux-border-shape-none \">\n                                <\/div>\n            <\/div>\n        \n<\/section><!-- widget-container -->\t\t<\/div>\n\t\t\t\t<\/div>\n\t\t\t\t<div class=\"elementor-element elementor-element-1eccae8 elementor-widget__width-auto aux-appear-watch-animation aux-fade-in-right-1 elementor-widget elementor-widget-aux_text\" data-id=\"1eccae8\" data-element_type=\"widget\" data-widget_type=\"aux_text.default\">\n\t\t\t\t<div class=\"elementor-widget-container\">\n\t\t\t<section class=\"widget-container aux-widget-text aux-parent-au4d4b76e0\">        <div class=\"aux-widget-advanced-text aux-wrap-style-simple aux-ico-pos-left aux-text-left aux-text-resp- aux-text-color-dark aux-text-widget-bg-center  \" >\n        \n                            <div class=\"aux-text-widget-header \"  >\n                        <div class=\"aux-ico-box aux-ico-large aux-ico-clear \">\n                                                                <svg xmlns=\"http:\/\/www.w3.org\/2000\/svg\" width=\"52.301\" height=\"42.496\" viewBox=\"0 0 52.301 42.496\">\r\n  <defs>\r\n    <linearGradient id=\"linear-gradient\" x1=\"0.5\" x2=\"0.5\" y2=\"1\" gradientUnits=\"objectBoundingBox\">\r\n      <stop offset=\"0\" stop-color=\"var(--e-global-color-accent)\" \/>\r\n      <stop offset=\"1\" stop-color=\"var(--e-global-color-9aea99b)\" \/>\r\n    <\/linearGradient>\r\n  <\/defs>\r\n  <path id=\"Significon-Mail\" d=\"M8.371,98.115a1.634,1.634,0,0,1,0-2.31l4.623-4.623a1.634,1.634,0,0,1,2.311,2.31l-4.623,4.623a1.634,1.634,0,0,1-2.311,0Zm33.249,0L37,93.492a1.634,1.634,0,1,1,2.311-2.31L43.931,95.8a1.634,1.634,0,0,1-2.311,2.31Zm8.8-24.6L30.773,91.531a6.538,6.538,0,0,1-9.246,0L10,80l-.737-.737L6.115,76.118l-.012,0a1.626,1.626,0,0,0-1.2-.69,1.634,1.634,0,0,0-1.635,1.634V99.948a3.268,3.268,0,0,0,3.269,3.269H45.763a3.268,3.268,0,0,0,3.269-3.269V80.336a1.635,1.635,0,0,1,3.27,0V99.948a6.539,6.539,0,0,1-6.538,6.539H6.538A6.539,6.539,0,0,1,0,99.948V77.066a4.9,4.9,0,0,1,4.9-4.9,4.748,4.748,0,0,1,3.269,1.414v-.028L23.84,89.218a3.265,3.265,0,0,0,4.622,0L48.107,71.205a3.218,3.218,0,0,0,.943-2.31h-.019c0-1.806-1.463-1.634-3.269-1.634H11.441a1.635,1.635,0,0,1,0-3.27H45.763c3,0,5.521.9,6.29,3.27h0a6.489,6.489,0,0,1-1.633,6.257ZM4.9,67.261a1.635,1.635,0,1,1,1.634-1.635A1.635,1.635,0,0,1,4.9,67.261Z\" transform=\"translate(0 -63.991)\" fill-rule=\"evenodd\" fill=\"url(#linear-gradient)\" \/>\r\n<\/svg>\r\n                                                    <\/div>\n                <\/div>\n            \n            <div class=\"aux-text-inner aux-text-widget-content\">\n                                <div class=\"widget-content\">\n                                        <p>info@fokesz.hu<br \/>www.fokesz.hu<br \/><a href=\"https:\/\/www.facebook.com\/FoKeSz\" target=\"_blank\" rel=\"noopener\">https:\/\/www.facebook.com\/FoKeSz\/<\/a><br \/><a href=\"http:\/\/hungarodent.com\/\" target=\"_blank\" rel=\"noopener\">http:\/\/hungarodent.com\/<\/a><\/p><p style=\"font-weight: 400;\"><strong>FoKeSz \u00dcgyviteli Iroda:<\/strong><\/p><p style=\"font-weight: 400;\">Nagy Lina<\/p><p style=\"font-weight: 400;\"><strong>Vezet\u00f5s\u00e9g:<\/strong><\/p><p style=\"font-weight: 400;\">Varga J\u00f3zsef \u2013\u00a0<em>FoKeSz eln\u00f6k<br \/><\/em>Kuntner Zolt\u00e1n\u00a0\u2013\u00a0<em>FoKeSz eln\u00f6khelyettes<\/em><\/p>                <\/div>\n                            <\/div>\n        <\/div>\n                    <div class=\"aux-text-widget-footer\">\n                <div class=\"aux-border-shape-none \">\n                                <\/div>\n            <\/div>\n        \n<\/section><!-- widget-container -->\t\t<\/div>\n\t\t\t\t<\/div>\n\t\t\t\t\t\t<\/div>\n\t\t\t\t\t<\/div>\n\t\t<\/div>\n\t\t\t\t\t\t\t\t<\/div>\n\t\t\t\t\t<\/div>\n\t\t<\/section>\n\t\t\t\t<div class=\"elementor-element elementor-element-844fd22 elementor-widget__width-auto elementor-widget elementor-widget-aux_simple_svg\" data-id=\"844fd22\" data-element_type=\"widget\" data-widget_type=\"aux_simple_svg.default\">\n\t\t\t\t<div class=\"elementor-widget-container\">\n\t\t\t    <div class=\"aux-widget-container aux-simple-svg-container\">\n        <div class=\"aux-widget-container-inner\">\n            <div class=\"aux-the-svg\"><img decoding=\"async\" src=\"http:\/\/fokesz.hu\/wordpress\/wp-content\/uploads\/2020\/10\/g98.svg\" title=\"demo-attachment-135-g98\" alt=\"demo-attachment-135-g98\" \/><\/div>\n        <\/div>\n    <\/div>\n    \t\t<\/div>\n\t\t\t\t<\/div>\n\t\t\t\t\t\t<\/div>\n\t\t\t\t\t<\/div>\n\t\t<\/div>\n\t\t\t\t\t\t\t\t<\/div>\n\t\t\t\t\t<\/div>\n\t\t<\/section>\n\t\t\t\t\t\t\t\t\t<\/div>\n\t\t\t<\/div>\n\t\t\t\t\t<\/div>\n\t\t","protected":false},"excerpt":{"rendered":"<p>Kapcsolat +36-30-336-5575 1083 Budapest, Szigony utca 41. info@fokesz.huwww.fokesz.huhttps:\/\/www.facebook.com\/FoKeSz\/http:\/\/hungarodent.com\/ FoKeSz \u00dcgyviteli Iroda: Nagy Lina Vezet\u00f5s\u00e9g: Varga J\u00f3zsef \u2013\u00a0FoKeSz eln\u00f6kKuntner Zolt\u00e1n\u00a0\u2013\u00a0FoKeSz eln\u00f6khelyettes<\/p>\n","protected":false},"author":1,"featured_media":0,"parent":0,"menu_order":0,"comment_status":"closed","ping_status":"closed","template":"templates\/page-builder-content.php","meta":{"footnotes":""},"_links":{"self":[{"href":"http:\/\/fokesz.hu\/wordpress\/wp-json\/wp\/v2\/pages\/121"}],"collection":[{"href":"http:\/\/fokesz.hu\/wordpress\/wp-json\/wp\/v2\/pages"}],"about":[{"href":"http:\/\/fokesz.hu\/wordpress\/wp-json\/wp\/v2\/types\/page"}],"author":[{"embeddable":true,"href":"http:\/\/fokesz.hu\/wordpress\/wp-json\/wp\/v2\/users\/1"}],"replies":[{"embeddable":true,"href":"http:\/\/fokesz.hu\/wordpress\/wp-json\/wp\/v2\/comments?post=121"}],"version-history":[{"count":9,"href":"http:\/\/fokesz.hu\/wordpress\/wp-json\/wp\/v2\/pages\/121\/revisions"}],"predecessor-version":[{"id":565,"href":"http:\/\/fokesz.hu\/wordpress\/wp-json\/wp\/v2\/pages\/121\/revisions\/565"}],"wp:attachment":[{"href":"http:\/\/fokesz.hu\/wordpress\/wp-json\/wp\/v2\/media?parent=121"}],"curies":[{"name":"wp","href":"https:\/\/api.w.org\/{rel}","templated":true}]}}